{"id":106,"date":"2022-02-19T06:39:12","date_gmt":"2022-02-19T06:39:12","guid":{"rendered":"https:\/\/surerxmedspharmacy.com\/?post_type=product&#038;p=106"},"modified":"2025-03-09T22:36:21","modified_gmt":"2025-03-09T22:36:21","slug":"clonazepam-klonopin","status":"publish","type":"product","link":"https:\/\/surerxmed.com\/es\/producto\/clonazepam-klonopin\/","title":{"rendered":"Clonazepam (Klonopin)"},"content":{"rendered":"<h1 data-start=\"90\" data-end=\"130\"><strong data-start=\"94\" data-end=\"128\">\u00bfQu\u00e9 es el clonazepam (Klonopin)?<\/strong><\/h1>\n<p data-start=\"131\" data-end=\"569\">Clonazepam, vendido bajo la marca <strong data-start=\"169\" data-end=\"181\">Klonopin<\/strong>, Klonopin es un medicamento recetado perteneciente a la clase de las benzodiazepinas. Se utiliza ampliamente para tratar convulsiones, trastornos de p\u00e1nico y ciertos trastornos del movimiento. Conocido por sus efectos calmantes, Klonopin potencia la actividad del \u00e1cido gamma-aminobut\u00edrico (GABA), un neurotransmisor que reduce la actividad cerebral excesiva. Este mecanismo ayuda a aliviar la ansiedad, prevenir las convulsiones y promover la relajaci\u00f3n.<\/p>\n<h2 data-start=\"571\" data-end=\"618\"><strong data-start=\"575\" data-end=\"616\">Principales beneficios del clonazepam (Klonopin)<\/strong><\/h2>\n<ol data-start=\"620\" data-end=\"1168\">\n<li data-start=\"620\" data-end=\"750\">\n<p data-start=\"623\" data-end=\"644\"><strong data-start=\"623\" data-end=\"642\">Control de las convulsiones<\/strong><\/p>\n<ul data-start=\"648\" data-end=\"750\">\n<li data-start=\"648\" data-end=\"750\">Trata eficazmente la epilepsia y otros trastornos convulsivos, incluidas las crisis de ausencia y las crisis miocl\u00f3nicas.<\/li>\n<\/ul>\n<\/li>\n<li data-start=\"752\" data-end=\"855\">\n<p data-start=\"755\" data-end=\"775\"><strong data-start=\"755\" data-end=\"773\">Alivio de la ansiedad<\/strong><\/p>\n<ul data-start=\"779\" data-end=\"855\">\n<li data-start=\"779\" data-end=\"855\">Reduce los s\u00edntomas del trastorno de p\u00e1nico y otras afecciones relacionadas con la ansiedad.<\/li>\n<\/ul>\n<\/li>\n<li data-start=\"857\" data-end=\"951\">\n<p data-start=\"860\" data-end=\"883\"><strong data-start=\"860\" data-end=\"881\">Relajaci\u00f3n muscular<\/strong><\/p>\n<ul data-start=\"887\" data-end=\"951\">\n<li data-start=\"887\" data-end=\"951\">Alivia la tensi\u00f3n muscular y ciertos movimientos involuntarios.<\/li>\n<\/ul>\n<\/li>\n<li data-start=\"953\" data-end=\"1056\">\n<p data-start=\"956\" data-end=\"971\"><strong data-start=\"956\" data-end=\"969\">Ayuda para dormir<\/strong><\/p>\n<ul data-start=\"975\" data-end=\"1056\">\n<li data-start=\"975\" data-end=\"1056\">Ayuda a mejorar el sue\u00f1o en personas con insomnio causado por ansiedad o estr\u00e9s.<\/li>\n<\/ul>\n<\/li>\n<li data-start=\"1058\" data-end=\"1168\">\n<p data-start=\"1061\" data-end=\"1088\"><strong data-start=\"1061\" data-end=\"1086\">Inicio de acci\u00f3n r\u00e1pido<\/strong><\/p>\n<ul data-start=\"1092\" data-end=\"1168\">\n<li data-start=\"1092\" data-end=\"1168\">Proporciona un alivio r\u00e1pido de los s\u00edntomas, por lo que resulta ideal para episodios agudos.<\/li>\n<\/ul>\n<\/li>\n<\/ol>\n<h3 data-start=\"1170\" data-end=\"1200\"><strong data-start=\"1174\" data-end=\"1198\">C\u00f3mo funciona el clonazepam<\/strong><\/h3>\n<p data-start=\"1202\" data-end=\"1493\">El clonazepam se une a los receptores de benzodiazepinas en el cerebro, amplificando los efectos del GABA. Al calmar la hiperactividad neuronal, ayuda a controlar las convulsiones, reducir la ansiedad e inducir la relajaci\u00f3n. Sus efectos prolongados lo hacen adecuado tanto para el alivio inmediato como para el tratamiento a largo plazo.<\/p>\n<h3 data-start=\"1495\" data-end=\"1542\"><strong data-start=\"1499\" data-end=\"1540\">Usos comunes del clonazepam (Klonopin)<\/strong><\/h3>\n<ul data-start=\"1544\" data-end=\"2033\">\n<li data-start=\"1544\" data-end=\"1655\"><strong data-start=\"1546\" data-end=\"1568\">Trastornos convulsivos:<\/strong> Trata diversos tipos de crisis epil\u00e9pticas, incluidas las crisis de ausencia, at\u00f3nicas y miocl\u00f3nicas.<\/li>\n<li data-start=\"1656\" data-end=\"1756\"><strong data-start=\"1658\" data-end=\"1678\">Trastornos de p\u00e1nico:<\/strong> Alivia los s\u00edntomas de miedo intenso, palpitaciones y dificultad para respirar.<\/li>\n<li data-start=\"1757\" data-end=\"1866\"><strong data-start=\"1759\" data-end=\"1782\">Trastornos del movimiento:<\/strong> Proporciona alivio para afecciones como el s\u00edndrome de piernas inquietas y los temblores esenciales.<\/li>\n<li data-start=\"1867\" data-end=\"1949\"><strong data-start=\"1869\" data-end=\"1882\">Insomnio:<\/strong> Mejora la calidad del sue\u00f1o al reducir la ansiedad y calmar la mente.<\/li>\n<li data-start=\"1950\" data-end=\"2033\"><strong data-start=\"1952\" data-end=\"1979\">Episodios de ansiedad aguda:<\/strong> Ayuda a controlar la ansiedad en situaciones de mucho estr\u00e9s.<\/li>\n<\/ul>\n<h3 data-start=\"2035\" data-end=\"2070\"><strong data-start=\"2039\" data-end=\"2068\">Posolog\u00eda y administraci\u00f3n<\/strong><\/h3>\n<p data-start=\"2072\" data-end=\"2235\">El clonazepam est\u00e1 disponible en comprimidos y comprimidos bucodispersables (ODT). La dosis var\u00eda seg\u00fan la afecci\u00f3n que se est\u00e9 tratando y las caracter\u00edsticas individuales de cada paciente.<\/p>\n<h4 data-start=\"2237\" data-end=\"2263\"><strong data-start=\"2242\" data-end=\"2261\">Dosis t\u00edpicas<\/strong><\/h4>\n<ul data-start=\"2264\" data-end=\"2554\">\n<li data-start=\"2264\" data-end=\"2390\"><strong data-start=\"2266\" data-end=\"2279\">Convulsiones:<\/strong> Dosis inicial de 0,5 mg tres veces al d\u00eda, ajust\u00e1ndose seg\u00fan sea necesario. La dosis m\u00e1xima recomendada es de 20 mg al d\u00eda.<\/li>\n<li data-start=\"2391\" data-end=\"2484\"><strong data-start=\"2393\" data-end=\"2412\">Trastorno de p\u00e1nico:<\/strong> Comience con 0,25 mg dos veces al d\u00eda, aumentando la dosis hasta 1 mg al d\u00eda seg\u00fan sea necesario.<\/li>\n<li data-start=\"2485\" data-end=\"2554\"><strong data-start=\"2487\" data-end=\"2508\">Insomnio\/Ansiedad:<\/strong> De 0,5 a 2 mg, tomados antes de acostarse o seg\u00fan prescripci\u00f3n m\u00e9dica.<\/li>\n<\/ul>\n<h4 data-start=\"2556\" data-end=\"2586\"><strong data-start=\"2561\" data-end=\"2584\">Consejos de administraci\u00f3n<\/strong><\/h4>\n<ul data-start=\"2587\" data-end=\"2814\">\n<li data-start=\"2587\" data-end=\"2636\">Tome clonazepam seg\u00fan lo recetado por su m\u00e9dico.<\/li>\n<li data-start=\"2637\" data-end=\"2729\">Trague los comprimidos enteros o deje que los comprimidos bucodispersables se disuelvan en la lengua.<\/li>\n<li data-start=\"2730\" data-end=\"2814\">Evite consumir alcohol mientras toma clonazepam para reducir el riesgo de efectos secundarios graves.<\/li>\n<\/ul>\n<h3 data-start=\"2816\" data-end=\"2871\"><strong data-start=\"2820\" data-end=\"2869\">Precauciones de seguridad y posibles efectos secundarios<\/strong><\/h3>\n<h4 data-start=\"2873\" data-end=\"2903\"><strong data-start=\"2878\" data-end=\"2901\">Efectos secundarios comunes<\/strong><\/h4>\n<ul data-start=\"2904\" data-end=\"2988\">\n<li data-start=\"2904\" data-end=\"2918\">Modorra<\/li>\n<li data-start=\"2919\" data-end=\"2932\">Mareo<\/li>\n<li data-start=\"2933\" data-end=\"2944\">Fatiga<\/li>\n<li data-start=\"2945\" data-end=\"2964\">Problemas de memoria<\/li>\n<li data-start=\"2965\" data-end=\"2988\">Problemas de coordinaci\u00f3n<\/li>\n<\/ul>\n<p data-start=\"2990\" data-end=\"3064\">Estos efectos secundarios suelen ser leves y pueden disminuir con el uso regular.<\/p>\n<h4 data-start=\"3066\" data-end=\"3097\"><strong data-start=\"3071\" data-end=\"3095\">Efectos secundarios graves<\/strong><\/h4>\n<ul data-start=\"3098\" data-end=\"3374\">\n<li data-start=\"3098\" data-end=\"3154\">Depresi\u00f3n respiratoria (respiraci\u00f3n lenta o superficial)<\/li>\n<li data-start=\"3155\" data-end=\"3201\">Dependencia o adicci\u00f3n con el uso prolongado<\/li>\n<li data-start=\"3202\" data-end=\"3273\">Reacciones al\u00e9rgicas graves (sarpullido, hinchaz\u00f3n o dificultad para respirar)<\/li>\n<li data-start=\"3274\" data-end=\"3322\">Cambios de humor (depresi\u00f3n, pensamientos suicidas)<\/li>\n<li data-start=\"3323\" data-end=\"3374\">S\u00edntomas de abstinencia tras la interrupci\u00f3n abrupta del tratamiento.<\/li>\n<\/ul>\n<p data-start=\"3376\" data-end=\"3449\">Busque atenci\u00f3n m\u00e9dica inmediata si experimenta efectos secundarios graves.<\/p>\n<h4 data-start=\"3451\" data-end=\"3490\"><strong data-start=\"3456\" data-end=\"3488\">\u00bfQui\u00e9nes deben evitar el clonazepam?<\/strong><\/h4>\n<ul data-start=\"3491\" data-end=\"3726\">\n<li data-start=\"3491\" data-end=\"3550\">Pacientes con problemas respiratorios graves o apnea del sue\u00f1o.<\/li>\n<li data-start=\"3551\" data-end=\"3611\">Personas con antecedentes de adicci\u00f3n a las drogas o al alcohol.<\/li>\n<li data-start=\"3612\" data-end=\"3673\">Mujeres embarazadas o en per\u00edodo de lactancia, ya que puede da\u00f1ar al beb\u00e9.<\/li>\n<li data-start=\"3674\" data-end=\"3726\">Personas al\u00e9rgicas a las benzodiazepinas o al clonazepam.<\/li>\n<\/ul>","protected":false},"excerpt":{"rendered":"<p>Clonazepam, vendido bajo la marca <strong data-start=\"169\" data-end=\"181\">Klonopin<\/strong>, Klonopin es un medicamento recetado perteneciente a la clase de las benzodiazepinas. Se utiliza ampliamente para tratar convulsiones, trastornos de p\u00e1nico y ciertos trastornos del movimiento. Conocido por sus efectos calmantes, Klonopin potencia la actividad del \u00e1cido gamma-aminobut\u00edrico (GABA), un neurotransmisor que reduce la actividad cerebral excesiva. Este mecanismo ayuda a aliviar la ansiedad, prevenir las convulsiones y promover la relajaci\u00f3n.<\/p>","protected":false},"featured_media":1381,"comment_status":"open","ping_status":"closed","template":"","meta":{"_monsterinsights_skip_tracking":false,"_monsterinsights_sitenote_active":false,"_monsterinsights_sitenote_note":"","_monsterinsights_sitenote_category":0,"_joinchat":[]},"product_brand":[],"product_cat":[59],"product_tag":[],"class_list":{"0":"post-106","1":"product","2":"type-product","3":"status-publish","4":"has-post-thumbnail","6":"product_cat-buy-anxiety-medication-online","8":"first","9":"instock","10":"shipping-taxable","11":"purchasable","12":"product-type-variable"},"yoast_head":"<!-- This site is optimized with the Yoast SEO plugin v27.6 - https:\/\/yoast.com\/product\/yoast-seo-wordpress\/ -->\n<title>Clonazepam (Klonopin) - Buy Prescription Medicine online| SureRX Pharmacy<\/title>\n<meta name=\"robots\" content=\"index, follow, max-snippet:-1, max-image-preview:large, max-video-preview:-1\" \/>\n<link rel=\"canonical\" href=\"https:\/\/surerxmed.com\/es\/producto\/clonazepam-klonopin\/\" \/>\n<meta property=\"og:locale\" content=\"es_ES\" \/>\n<meta property=\"og:type\" content=\"article\" \/>\n<meta property=\"og:title\" content=\"Clonazepam (Klonopin) - Buy Prescription Medicine online| SureRX Pharmacy\" \/>\n<meta property=\"og:description\" content=\"Clonazepam, sold under the brand name Klonopin, is a prescription medication in the benzodiazepine class. It is widely used for treating seizures, panic disorders, and certain movement disorders. Known for its calming effects, Klonopin enhances the activity of gamma-aminobutyric acid (GABA), a neurotransmitter that reduces excessive brain activity. This mechanism helps alleviate anxiety, prevent seizures, and promote relaxation.\" \/>\n<meta property=\"og:url\" content=\"https:\/\/surerxmed.com\/es\/producto\/clonazepam-klonopin\/\" \/>\n<meta property=\"og:site_name\" content=\"Buy Prescription Medicine online| SureRX Pharmacy\" \/>\n<meta property=\"article:modified_time\" content=\"2025-03-09T22:36:21+00:00\" \/>\n<meta property=\"og:image\" content=\"https:\/\/surerxmed.com\/wp-content\/uploads\/2022\/02\/white-klonopin-tablet.jpeg\" \/>\n\t<meta property=\"og:image:width\" content=\"288\" \/>\n\t<meta property=\"og:image:height\" content=\"216\" \/>\n\t<meta property=\"og:image:type\" content=\"image\/jpeg\" \/>\n<meta name=\"twitter:card\" content=\"summary_large_image\" \/>\n<meta name=\"twitter:label1\" content=\"Tiempo de lectura\" \/>\n\t<meta name=\"twitter:data1\" content=\"2 minutos\" \/>\n<script type=\"application\/ld+json\" class=\"yoast-schema-graph\">{\"@context\":\"https:\\\/\\\/schema.org\",\"@graph\":[{\"@type\":\"WebPage\",\"@id\":\"https:\\\/\\\/surerxmed.com\\\/product\\\/clonazepam-klonopin\\\/\",\"url\":\"https:\\\/\\\/surerxmed.com\\\/product\\\/clonazepam-klonopin\\\/\",\"name\":\"Clonazepam (Klonopin) - Buy Prescription Medicine online| SureRX Pharmacy\",\"isPartOf\":{\"@id\":\"https:\\\/\\\/surerxmed.com\\\/#website\"},\"primaryImageOfPage\":{\"@id\":\"https:\\\/\\\/surerxmed.com\\\/product\\\/clonazepam-klonopin\\\/#primaryimage\"},\"image\":{\"@id\":\"https:\\\/\\\/surerxmed.com\\\/product\\\/clonazepam-klonopin\\\/#primaryimage\"},\"thumbnailUrl\":\"https:\\\/\\\/surerxmed.com\\\/wp-content\\\/uploads\\\/2022\\\/02\\\/white-klonopin-tablet.jpeg\",\"datePublished\":\"2022-02-19T06:39:12+00:00\",\"dateModified\":\"2025-03-09T22:36:21+00:00\",\"breadcrumb\":{\"@id\":\"https:\\\/\\\/surerxmed.com\\\/product\\\/clonazepam-klonopin\\\/#breadcrumb\"},\"inLanguage\":\"es\",\"potentialAction\":[{\"@type\":\"ReadAction\",\"target\":[\"https:\\\/\\\/surerxmed.com\\\/product\\\/clonazepam-klonopin\\\/\"]}]},{\"@type\":\"ImageObject\",\"inLanguage\":\"es\",\"@id\":\"https:\\\/\\\/surerxmed.com\\\/product\\\/clonazepam-klonopin\\\/#primaryimage\",\"url\":\"https:\\\/\\\/surerxmed.com\\\/wp-content\\\/uploads\\\/2022\\\/02\\\/white-klonopin-tablet.jpeg\",\"contentUrl\":\"https:\\\/\\\/surerxmed.com\\\/wp-content\\\/uploads\\\/2022\\\/02\\\/white-klonopin-tablet.jpeg\",\"width\":288,\"height\":216},{\"@type\":\"BreadcrumbList\",\"@id\":\"https:\\\/\\\/surerxmed.com\\\/product\\\/clonazepam-klonopin\\\/#breadcrumb\",\"itemListElement\":[{\"@type\":\"ListItem\",\"position\":1,\"name\":\"Home\",\"item\":\"https:\\\/\\\/surerxmed.com\\\/\"},{\"@type\":\"ListItem\",\"position\":2,\"name\":\"Shop\",\"item\":\"https:\\\/\\\/surerxmed.com\\\/shop\\\/\"},{\"@type\":\"ListItem\",\"position\":3,\"name\":\"Clonazepam (Klonopin)\"}]},{\"@type\":\"WebSite\",\"@id\":\"https:\\\/\\\/surerxmed.com\\\/#website\",\"url\":\"https:\\\/\\\/surerxmed.com\\\/\",\"name\":\"Buy Prescription Medicine online| SureRX Pharmacy\",\"description\":\"100% Genuine prescription drugs\",\"publisher\":{\"@id\":\"https:\\\/\\\/surerxmed.com\\\/#organization\"},\"potentialAction\":[{\"@type\":\"SearchAction\",\"target\":{\"@type\":\"EntryPoint\",\"urlTemplate\":\"https:\\\/\\\/surerxmed.com\\\/?s={search_term_string}\"},\"query-input\":{\"@type\":\"PropertyValueSpecification\",\"valueRequired\":true,\"valueName\":\"search_term_string\"}}],\"inLanguage\":\"es\"},{\"@type\":\"Organization\",\"@id\":\"https:\\\/\\\/surerxmed.com\\\/#organization\",\"name\":\"Buy Prescription Medicine online| SureRX Pharmacy\",\"url\":\"https:\\\/\\\/surerxmed.com\\\/\",\"logo\":{\"@type\":\"ImageObject\",\"inLanguage\":\"es\",\"@id\":\"https:\\\/\\\/surerxmed.com\\\/#\\\/schema\\\/logo\\\/image\\\/\",\"url\":\"https:\\\/\\\/surerxmed.com\\\/wp-content\\\/uploads\\\/2025\\\/03\\\/sure-rx-favicon-1.png\",\"contentUrl\":\"https:\\\/\\\/surerxmed.com\\\/wp-content\\\/uploads\\\/2025\\\/03\\\/sure-rx-favicon-1.png\",\"width\":240,\"height\":257,\"caption\":\"Buy Prescription Medicine online| SureRX Pharmacy\"},\"image\":{\"@id\":\"https:\\\/\\\/surerxmed.com\\\/#\\\/schema\\\/logo\\\/image\\\/\"}}]}<\/script>\n<!-- \/ Yoast SEO plugin. -->","yoast_head_json":{"title":"Clonazepam (Klonopin) - Buy Prescription Medicine online| SureRX Pharmacy","robots":{"index":"index","follow":"follow","max-snippet":"max-snippet:-1","max-image-preview":"max-image-preview:large","max-video-preview":"max-video-preview:-1"},"canonical":"https:\/\/surerxmed.com\/es\/producto\/clonazepam-klonopin\/","og_locale":"es_ES","og_type":"article","og_title":"Clonazepam (Klonopin) - Buy Prescription Medicine online| SureRX Pharmacy","og_description":"Clonazepam, sold under the brand name Klonopin, is a prescription medication in the benzodiazepine class. It is widely used for treating seizures, panic disorders, and certain movement disorders. Known for its calming effects, Klonopin enhances the activity of gamma-aminobutyric acid (GABA), a neurotransmitter that reduces excessive brain activity. This mechanism helps alleviate anxiety, prevent seizures, and promote relaxation.","og_url":"https:\/\/surerxmed.com\/es\/producto\/clonazepam-klonopin\/","og_site_name":"Buy Prescription Medicine online| SureRX Pharmacy","article_modified_time":"2025-03-09T22:36:21+00:00","og_image":[{"width":288,"height":216,"url":"https:\/\/surerxmed.com\/wp-content\/uploads\/2022\/02\/white-klonopin-tablet.jpeg","type":"image\/jpeg"}],"twitter_card":"summary_large_image","twitter_misc":{"Tiempo de lectura":"2 minutos"},"schema":{"@context":"https:\/\/schema.org","@graph":[{"@type":"WebPage","@id":"https:\/\/surerxmed.com\/product\/clonazepam-klonopin\/","url":"https:\/\/surerxmed.com\/product\/clonazepam-klonopin\/","name":"Clonazepam (Klonopin) - Buy Prescription Medicine online| SureRX Pharmacy","isPartOf":{"@id":"https:\/\/surerxmed.com\/#website"},"primaryImageOfPage":{"@id":"https:\/\/surerxmed.com\/product\/clonazepam-klonopin\/#primaryimage"},"image":{"@id":"https:\/\/surerxmed.com\/product\/clonazepam-klonopin\/#primaryimage"},"thumbnailUrl":"https:\/\/surerxmed.com\/wp-content\/uploads\/2022\/02\/white-klonopin-tablet.jpeg","datePublished":"2022-02-19T06:39:12+00:00","dateModified":"2025-03-09T22:36:21+00:00","breadcrumb":{"@id":"https:\/\/surerxmed.com\/product\/clonazepam-klonopin\/#breadcrumb"},"inLanguage":"es","potentialAction":[{"@type":"ReadAction","target":["https:\/\/surerxmed.com\/product\/clonazepam-klonopin\/"]}]},{"@type":"ImageObject","inLanguage":"es","@id":"https:\/\/surerxmed.com\/product\/clonazepam-klonopin\/#primaryimage","url":"https:\/\/surerxmed.com\/wp-content\/uploads\/2022\/02\/white-klonopin-tablet.jpeg","contentUrl":"https:\/\/surerxmed.com\/wp-content\/uploads\/2022\/02\/white-klonopin-tablet.jpeg","width":288,"height":216},{"@type":"BreadcrumbList","@id":"https:\/\/surerxmed.com\/product\/clonazepam-klonopin\/#breadcrumb","itemListElement":[{"@type":"ListItem","position":1,"name":"Home","item":"https:\/\/surerxmed.com\/"},{"@type":"ListItem","position":2,"name":"Shop","item":"https:\/\/surerxmed.com\/shop\/"},{"@type":"ListItem","position":3,"name":"Clonazepam (Klonopin)"}]},{"@type":"WebSite","@id":"https:\/\/surerxmed.com\/#website","url":"https:\/\/surerxmed.com\/","name":"Buy Prescription Medicine online| SureRX Pharmacy","description":"100% Genuine prescription drugs","publisher":{"@id":"https:\/\/surerxmed.com\/#organization"},"potentialAction":[{"@type":"SearchAction","target":{"@type":"EntryPoint","urlTemplate":"https:\/\/surerxmed.com\/?s={search_term_string}"},"query-input":{"@type":"PropertyValueSpecification","valueRequired":true,"valueName":"search_term_string"}}],"inLanguage":"es"},{"@type":"Organization","@id":"https:\/\/surerxmed.com\/#organization","name":"Buy Prescription Medicine online| SureRX Pharmacy","url":"https:\/\/surerxmed.com\/","logo":{"@type":"ImageObject","inLanguage":"es","@id":"https:\/\/surerxmed.com\/#\/schema\/logo\/image\/","url":"https:\/\/surerxmed.com\/wp-content\/uploads\/2025\/03\/sure-rx-favicon-1.png","contentUrl":"https:\/\/surerxmed.com\/wp-content\/uploads\/2025\/03\/sure-rx-favicon-1.png","width":240,"height":257,"caption":"Buy Prescription Medicine online| SureRX Pharmacy"},"image":{"@id":"https:\/\/surerxmed.com\/#\/schema\/logo\/image\/"}}]}},"_links":{"self":[{"href":"https:\/\/surerxmed.com\/es\/wp-json\/wp\/v2\/product\/106","targetHints":{"allow":["GET"]}}],"collection":[{"href":"https:\/\/surerxmed.com\/es\/wp-json\/wp\/v2\/product"}],"about":[{"href":"https:\/\/surerxmed.com\/es\/wp-json\/wp\/v2\/types\/product"}],"replies":[{"embeddable":true,"href":"https:\/\/surerxmed.com\/es\/wp-json\/wp\/v2\/comments?post=106"}],"wp:featuredmedia":[{"embeddable":true,"href":"https:\/\/surerxmed.com\/es\/wp-json\/wp\/v2\/media\/1381"}],"wp:attachment":[{"href":"https:\/\/surerxmed.com\/es\/wp-json\/wp\/v2\/media?parent=106"}],"wp:term":[{"taxonomy":"product_brand","embeddable":true,"href":"https:\/\/surerxmed.com\/es\/wp-json\/wp\/v2\/product_brand?post=106"},{"taxonomy":"product_cat","embeddable":true,"href":"https:\/\/surerxmed.com\/es\/wp-json\/wp\/v2\/product_cat?post=106"},{"taxonomy":"product_tag","embeddable":true,"href":"https:\/\/surerxmed.com\/es\/wp-json\/wp\/v2\/product_tag?post=106"}],"curies":[{"name":"wp","href":"https:\/\/api.w.org\/{rel}","templated":true}]}}