{"id":108,"date":"2022-02-19T06:41:43","date_gmt":"2022-02-19T06:41:43","guid":{"rendered":"https:\/\/surerxmedspharmacy.com\/?post_type=product&#038;p=108"},"modified":"2025-03-09T22:32:54","modified_gmt":"2025-03-09T22:32:54","slug":"lorazepam-ativan","status":"publish","type":"product","link":"https:\/\/surerxmed.com\/es\/producto\/lorazepam-ativan\/","title":{"rendered":"lorazepam (Ativan)"},"content":{"rendered":"<h1 data-start=\"84\" data-end=\"121\"><strong data-start=\"88\" data-end=\"119\">\u00bfQu\u00e9 es el lorazepam (Ativan)?<\/strong><\/h1>\n<p data-start=\"122\" data-end=\"552\">Lorazepam, comercializado bajo la marca <strong data-start=\"163\" data-end=\"173\">Ativan<\/strong>, Ativan es un medicamento benzodiazep\u00ednico ampliamente recetado para el tratamiento de trastornos de ansiedad, insomnio, convulsiones y otras afecciones. Conocido por sus efectos calmantes, Ativan act\u00faa potenciando la actividad del \u00e1cido gamma-aminobut\u00edrico (GABA), un neurotransmisor que inhibe la actividad cerebral excesiva. Esta acci\u00f3n ayuda a reducir la ansiedad, favorecer la relajaci\u00f3n y mejorar el sue\u00f1o.<\/p>\n<h2 data-start=\"554\" data-end=\"598\"><strong data-start=\"558\" data-end=\"596\">Principales beneficios del lorazepam (Ativan)<\/strong><\/h2>\n<ol data-start=\"600\" data-end=\"1139\">\n<li data-start=\"600\" data-end=\"706\">\n<p data-start=\"603\" data-end=\"623\"><strong data-start=\"603\" data-end=\"621\">Alivio de la ansiedad<\/strong><\/p>\n<ul data-start=\"627\" data-end=\"706\">\n<li data-start=\"627\" data-end=\"706\">Proporciona un alivio r\u00e1pido y eficaz de la ansiedad aguda y la preocupaci\u00f3n excesiva.<\/li>\n<\/ul>\n<\/li>\n<li data-start=\"708\" data-end=\"813\">\n<p data-start=\"711\" data-end=\"734\"><strong data-start=\"711\" data-end=\"732\">Mejora del sue\u00f1o<\/strong><\/p>\n<ul data-start=\"738\" data-end=\"813\">\n<li data-start=\"738\" data-end=\"813\">Ayuda a los pacientes con insomnio a conciliar el sue\u00f1o m\u00e1s r\u00e1pido y a dormir durante m\u00e1s tiempo.<\/li>\n<\/ul>\n<\/li>\n<li data-start=\"815\" data-end=\"941\">\n<p data-start=\"818\" data-end=\"842\"><strong data-start=\"818\" data-end=\"840\">Manejo de las convulsiones<\/strong><\/p>\n<ul data-start=\"846\" data-end=\"941\">\n<li data-start=\"846\" data-end=\"941\">Eficaz en el tratamiento de las convulsiones, incluido el estado epil\u00e9ptico, una afecci\u00f3n potencialmente mortal.<\/li>\n<\/ul>\n<\/li>\n<li data-start=\"943\" data-end=\"1045\">\n<p data-start=\"946\" data-end=\"973\"><strong data-start=\"946\" data-end=\"971\">Sedaci\u00f3n prequir\u00fargica<\/strong><\/p>\n<ul data-start=\"977\" data-end=\"1045\">\n<li data-start=\"977\" data-end=\"1045\">Se utiliza habitualmente para reducir la ansiedad preoperatoria e inducir la calma.<\/li>\n<\/ul>\n<\/li>\n<li data-start=\"1047\" data-end=\"1139\">\n<p data-start=\"1050\" data-end=\"1073\"><strong data-start=\"1050\" data-end=\"1071\">Relajaci\u00f3n muscular<\/strong><\/p>\n<ul data-start=\"1077\" data-end=\"1139\">\n<li data-start=\"1077\" data-end=\"1139\">Alivia la tensi\u00f3n muscular asociada con la ansiedad o el estr\u00e9s.<\/li>\n<\/ul>\n<\/li>\n<\/ol>\n<h3 data-start=\"1141\" data-end=\"1170\"><strong data-start=\"1145\" data-end=\"1168\">C\u00f3mo funciona el lorazepam<\/strong><\/h3>\n<p data-start=\"1172\" data-end=\"1477\">El lorazepam se une a los receptores de benzodiazepinas en el cerebro, potenciando los efectos del GABA. Este neurotransmisor suprime la hiperactividad de las se\u00f1ales nerviosas, lo que reduce la ansiedad, induce relajaci\u00f3n y sedaci\u00f3n. Su r\u00e1pido inicio de acci\u00f3n lo hace especialmente \u00fatil en situaciones agudas que requieren alivio inmediato.<\/p>\n<h3 data-start=\"1479\" data-end=\"1523\"><strong data-start=\"1483\" data-end=\"1521\">Usos comunes del lorazepam (Ativan)<\/strong><\/h3>\n<ul data-start=\"1525\" data-end=\"2007\">\n<li data-start=\"1525\" data-end=\"1621\"><strong data-start=\"1527\" data-end=\"1549\">Trastornos de ansiedad:<\/strong> Trata s\u00edntomas como la preocupaci\u00f3n excesiva, la inquietud y la irritabilidad.<\/li>\n<li data-start=\"1622\" data-end=\"1734\"><strong data-start=\"1624\" data-end=\"1637\">Insomnio:<\/strong> Ayuda a conciliar y mantener el sue\u00f1o en pacientes que sufren problemas de sue\u00f1o agudos o cr\u00f3nicos.<\/li>\n<li data-start=\"1735\" data-end=\"1807\"><strong data-start=\"1737\" data-end=\"1750\">Convulsiones:<\/strong> Particularmente eficaz en el tratamiento del estado epil\u00e9ptico.<\/li>\n<li data-start=\"1808\" data-end=\"1903\"><strong data-start=\"1810\" data-end=\"1835\">Sedaci\u00f3n preoperatoria:<\/strong> Reduce la ansiedad y garantiza la relajaci\u00f3n antes de los procedimientos m\u00e9dicos.<\/li>\n<li data-start=\"1904\" data-end=\"2007\"><strong data-start=\"1906\" data-end=\"1929\">S\u00edndrome de abstinencia de alcohol:<\/strong> Ayuda a aliviar s\u00edntomas como la agitaci\u00f3n y las convulsiones durante la desintoxicaci\u00f3n.<\/li>\n<\/ul>\n<h3 data-start=\"2009\" data-end=\"2044\"><strong data-start=\"2013\" data-end=\"2042\">Posolog\u00eda y administraci\u00f3n<\/strong><\/h3>\n<p data-start=\"2046\" data-end=\"2207\">El lorazepam est\u00e1 disponible en comprimidos, soluci\u00f3n l\u00edquida e inyectable. La dosis var\u00eda seg\u00fan la afecci\u00f3n que se est\u00e9 tratando, la edad del paciente y su estado de salud general.<\/p>\n<h4 data-start=\"2209\" data-end=\"2235\"><strong data-start=\"2214\" data-end=\"2233\">Dosis t\u00edpicas<\/strong><\/h4>\n<ul data-start=\"2236\" data-end=\"2472\">\n<li data-start=\"2236\" data-end=\"2301\"><strong data-start=\"2238\" data-end=\"2250\">Ansiedad:<\/strong> De 1 a 3 mg al d\u00eda, divididos en dos o tres dosis.<\/li>\n<li data-start=\"2302\" data-end=\"2344\"><strong data-start=\"2304\" data-end=\"2317\">Insomnio:<\/strong> Tomar de 2 a 4 mg antes de acostarse.<\/li>\n<li data-start=\"2345\" data-end=\"2472\"><strong data-start=\"2347\" data-end=\"2360\">Convulsiones:<\/strong> Las dosis dependen de la gravedad de la afecci\u00f3n y, por lo general, se administran por v\u00eda intravenosa en entornos m\u00e9dicos.<\/li>\n<\/ul>\n<h4 data-start=\"2474\" data-end=\"2504\"><strong data-start=\"2479\" data-end=\"2502\">Consejos de administraci\u00f3n<\/strong><\/h4>\n<ul data-start=\"2505\" data-end=\"2707\">\n<li data-start=\"2505\" data-end=\"2553\">Tome Lorazepam seg\u00fan lo recetado por su m\u00e9dico.<\/li>\n<li data-start=\"2554\" data-end=\"2618\">Evite la interrupci\u00f3n brusca para prevenir los s\u00edntomas de abstinencia.<\/li>\n<li data-start=\"2619\" data-end=\"2707\">No consuma alcohol mientras est\u00e9 tomando Lorazepam, ya que puede intensificar los efectos sedantes.<\/li>\n<\/ul>\n<h3 data-start=\"2709\" data-end=\"2764\"><strong data-start=\"2713\" data-end=\"2762\">Precauciones de seguridad y posibles efectos secundarios<\/strong><\/h3>\n<h4 data-start=\"2766\" data-end=\"2796\"><strong data-start=\"2771\" data-end=\"2794\">Efectos secundarios comunes<\/strong><\/h4>\n<ul data-start=\"2797\" data-end=\"2864\">\n<li data-start=\"2797\" data-end=\"2811\">Modorra<\/li>\n<li data-start=\"2812\" data-end=\"2825\">Mareo<\/li>\n<li data-start=\"2826\" data-end=\"2837\">Fatiga<\/li>\n<li data-start=\"2838\" data-end=\"2850\">Debilidad<\/li>\n<li data-start=\"2851\" data-end=\"2864\">Confusi\u00f3n<\/li>\n<\/ul>\n<p data-start=\"2866\" data-end=\"2942\">Estos efectos secundarios suelen ser leves y pueden disminuir con el uso continuado.<\/p>\n<h4 data-start=\"2944\" data-end=\"2975\"><strong data-start=\"2949\" data-end=\"2973\">Efectos secundarios graves<\/strong><\/h4>\n<ul data-start=\"2976\" data-end=\"3245\">\n<li data-start=\"2976\" data-end=\"3032\">Depresi\u00f3n respiratoria (respiraci\u00f3n lenta o superficial)<\/li>\n<li data-start=\"3033\" data-end=\"3079\">Dependencia o adicci\u00f3n con el uso prolongado<\/li>\n<li data-start=\"3080\" data-end=\"3151\">Reacciones al\u00e9rgicas graves (sarpullido, hinchaz\u00f3n o dificultad para respirar)<\/li>\n<li data-start=\"3152\" data-end=\"3193\">Deterioro cognitivo o problemas de memoria<\/li>\n<li data-start=\"3194\" data-end=\"3245\">S\u00edntomas de abstinencia tras la interrupci\u00f3n abrupta del tratamiento.<\/li>\n<\/ul>\n<p data-start=\"3247\" data-end=\"3320\">Busque atenci\u00f3n m\u00e9dica inmediata si experimenta efectos secundarios graves.<\/p>\n<h4 data-start=\"3322\" data-end=\"3360\"><strong data-start=\"3327\" data-end=\"3358\">\u00bfQui\u00e9nes deben evitar el lorazepam?<\/strong><\/h4>\n<ul data-start=\"3361\" data-end=\"3601\">\n<li data-start=\"3361\" data-end=\"3420\">Pacientes con problemas respiratorios graves o apnea del sue\u00f1o.<\/li>\n<li data-start=\"3421\" data-end=\"3481\">Personas con antecedentes de adicci\u00f3n a las drogas o al alcohol.<\/li>\n<li data-start=\"3482\" data-end=\"3543\">Mujeres embarazadas o en per\u00edodo de lactancia, ya que puede da\u00f1ar al beb\u00e9.<\/li>\n<li data-start=\"3544\" data-end=\"3601\">Personas al\u00e9rgicas al lorazepam u otras benzodiazepinas.<\/li>\n<\/ul>","protected":false},"excerpt":{"rendered":"<p>Lorazepam, comercializado bajo la marca <strong data-start=\"163\" data-end=\"173\">Ativan<\/strong>, Ativan es un medicamento benzodiazep\u00ednico ampliamente recetado para el tratamiento de trastornos de ansiedad, insomnio, convulsiones y otras afecciones. Conocido por sus efectos calmantes, Ativan act\u00faa potenciando la actividad del \u00e1cido gamma-aminobut\u00edrico (GABA), un neurotransmisor que inhibe la actividad cerebral excesiva.<\/p>","protected":false},"featured_media":1369,"comment_status":"open","ping_status":"closed","template":"","meta":{"_monsterinsights_skip_tracking":false,"_monsterinsights_sitenote_active":false,"_monsterinsights_sitenote_note":"","_monsterinsights_sitenote_category":0,"_joinchat":[]},"product_brand":[],"product_cat":[59],"product_tag":[],"class_list":{"0":"post-108","1":"product","2":"type-product","3":"status-publish","4":"has-post-thumbnail","6":"product_cat-buy-anxiety-medication-online","8":"first","9":"instock","10":"shipping-taxable","11":"purchasable","12":"product-type-variable"},"yoast_head":"<!-- This site is optimized with the Yoast SEO plugin v27.6 - https:\/\/yoast.com\/product\/yoast-seo-wordpress\/ -->\n<title>lorazepam (Ativan) - Buy Prescription Medicine online| SureRX Pharmacy<\/title>\n<meta name=\"robots\" content=\"index, follow, max-snippet:-1, max-image-preview:large, max-video-preview:-1\" \/>\n<link rel=\"canonical\" href=\"https:\/\/surerxmed.com\/es\/producto\/lorazepam-ativan\/\" \/>\n<meta property=\"og:locale\" content=\"es_ES\" \/>\n<meta property=\"og:type\" content=\"article\" \/>\n<meta property=\"og:title\" content=\"lorazepam (Ativan) - Buy Prescription Medicine online| SureRX Pharmacy\" \/>\n<meta property=\"og:description\" content=\"Lorazepam, marketed under the brand name Ativan, is a benzodiazepine medication widely prescribed for the treatment of anxiety disorders, insomnia, seizures, and certain other conditions. Known for its calming effects, Ativan works by enhancing the activity of gamma-aminobutyric acid (GABA), a neurotransmitter that inhibits excessive brain activity\" \/>\n<meta property=\"og:url\" content=\"https:\/\/surerxmed.com\/es\/producto\/lorazepam-ativan\/\" \/>\n<meta property=\"og:site_name\" content=\"Buy Prescription Medicine online| SureRX Pharmacy\" \/>\n<meta property=\"article:modified_time\" content=\"2025-03-09T22:32:54+00:00\" \/>\n<meta property=\"og:image\" content=\"https:\/\/surerxmed.com\/wp-content\/uploads\/2022\/02\/lorazepam-0.5mg.jpeg\" \/>\n\t<meta property=\"og:image:width\" content=\"288\" \/>\n\t<meta property=\"og:image:height\" content=\"216\" \/>\n\t<meta property=\"og:image:type\" content=\"image\/jpeg\" \/>\n<meta name=\"twitter:card\" content=\"summary_large_image\" \/>\n<meta name=\"twitter:label1\" content=\"Tiempo de lectura\" \/>\n\t<meta name=\"twitter:data1\" content=\"2 minutos\" \/>\n<script type=\"application\/ld+json\" class=\"yoast-schema-graph\">{\"@context\":\"https:\\\/\\\/schema.org\",\"@graph\":[{\"@type\":\"WebPage\",\"@id\":\"https:\\\/\\\/surerxmed.com\\\/product\\\/lorazepam-ativan\\\/\",\"url\":\"https:\\\/\\\/surerxmed.com\\\/product\\\/lorazepam-ativan\\\/\",\"name\":\"lorazepam (Ativan) - Buy Prescription Medicine online| SureRX Pharmacy\",\"isPartOf\":{\"@id\":\"https:\\\/\\\/surerxmed.com\\\/#website\"},\"primaryImageOfPage\":{\"@id\":\"https:\\\/\\\/surerxmed.com\\\/product\\\/lorazepam-ativan\\\/#primaryimage\"},\"image\":{\"@id\":\"https:\\\/\\\/surerxmed.com\\\/product\\\/lorazepam-ativan\\\/#primaryimage\"},\"thumbnailUrl\":\"https:\\\/\\\/surerxmed.com\\\/wp-content\\\/uploads\\\/2022\\\/02\\\/lorazepam-0.5mg.jpeg\",\"datePublished\":\"2022-02-19T06:41:43+00:00\",\"dateModified\":\"2025-03-09T22:32:54+00:00\",\"breadcrumb\":{\"@id\":\"https:\\\/\\\/surerxmed.com\\\/product\\\/lorazepam-ativan\\\/#breadcrumb\"},\"inLanguage\":\"es\",\"potentialAction\":[{\"@type\":\"ReadAction\",\"target\":[\"https:\\\/\\\/surerxmed.com\\\/product\\\/lorazepam-ativan\\\/\"]}]},{\"@type\":\"ImageObject\",\"inLanguage\":\"es\",\"@id\":\"https:\\\/\\\/surerxmed.com\\\/product\\\/lorazepam-ativan\\\/#primaryimage\",\"url\":\"https:\\\/\\\/surerxmed.com\\\/wp-content\\\/uploads\\\/2022\\\/02\\\/lorazepam-0.5mg.jpeg\",\"contentUrl\":\"https:\\\/\\\/surerxmed.com\\\/wp-content\\\/uploads\\\/2022\\\/02\\\/lorazepam-0.5mg.jpeg\",\"width\":288,\"height\":216},{\"@type\":\"BreadcrumbList\",\"@id\":\"https:\\\/\\\/surerxmed.com\\\/product\\\/lorazepam-ativan\\\/#breadcrumb\",\"itemListElement\":[{\"@type\":\"ListItem\",\"position\":1,\"name\":\"Home\",\"item\":\"https:\\\/\\\/surerxmed.com\\\/\"},{\"@type\":\"ListItem\",\"position\":2,\"name\":\"Shop\",\"item\":\"https:\\\/\\\/surerxmed.com\\\/shop\\\/\"},{\"@type\":\"ListItem\",\"position\":3,\"name\":\"lorazepam (Ativan)\"}]},{\"@type\":\"WebSite\",\"@id\":\"https:\\\/\\\/surerxmed.com\\\/#website\",\"url\":\"https:\\\/\\\/surerxmed.com\\\/\",\"name\":\"Buy Prescription Medicine online| SureRX Pharmacy\",\"description\":\"100% Genuine prescription drugs\",\"publisher\":{\"@id\":\"https:\\\/\\\/surerxmed.com\\\/#organization\"},\"potentialAction\":[{\"@type\":\"SearchAction\",\"target\":{\"@type\":\"EntryPoint\",\"urlTemplate\":\"https:\\\/\\\/surerxmed.com\\\/?s={search_term_string}\"},\"query-input\":{\"@type\":\"PropertyValueSpecification\",\"valueRequired\":true,\"valueName\":\"search_term_string\"}}],\"inLanguage\":\"es\"},{\"@type\":\"Organization\",\"@id\":\"https:\\\/\\\/surerxmed.com\\\/#organization\",\"name\":\"Buy Prescription Medicine online| SureRX Pharmacy\",\"url\":\"https:\\\/\\\/surerxmed.com\\\/\",\"logo\":{\"@type\":\"ImageObject\",\"inLanguage\":\"es\",\"@id\":\"https:\\\/\\\/surerxmed.com\\\/#\\\/schema\\\/logo\\\/image\\\/\",\"url\":\"https:\\\/\\\/surerxmed.com\\\/wp-content\\\/uploads\\\/2025\\\/03\\\/sure-rx-favicon-1.png\",\"contentUrl\":\"https:\\\/\\\/surerxmed.com\\\/wp-content\\\/uploads\\\/2025\\\/03\\\/sure-rx-favicon-1.png\",\"width\":240,\"height\":257,\"caption\":\"Buy Prescription Medicine online| SureRX Pharmacy\"},\"image\":{\"@id\":\"https:\\\/\\\/surerxmed.com\\\/#\\\/schema\\\/logo\\\/image\\\/\"}}]}<\/script>\n<!-- \/ Yoast SEO plugin. -->","yoast_head_json":{"title":"lorazepam (Ativan) - Buy Prescription Medicine online| SureRX Pharmacy","robots":{"index":"index","follow":"follow","max-snippet":"max-snippet:-1","max-image-preview":"max-image-preview:large","max-video-preview":"max-video-preview:-1"},"canonical":"https:\/\/surerxmed.com\/es\/producto\/lorazepam-ativan\/","og_locale":"es_ES","og_type":"article","og_title":"lorazepam (Ativan) - Buy Prescription Medicine online| SureRX Pharmacy","og_description":"Lorazepam, marketed under the brand name Ativan, is a benzodiazepine medication widely prescribed for the treatment of anxiety disorders, insomnia, seizures, and certain other conditions. Known for its calming effects, Ativan works by enhancing the activity of gamma-aminobutyric acid (GABA), a neurotransmitter that inhibits excessive brain activity","og_url":"https:\/\/surerxmed.com\/es\/producto\/lorazepam-ativan\/","og_site_name":"Buy Prescription Medicine online| SureRX Pharmacy","article_modified_time":"2025-03-09T22:32:54+00:00","og_image":[{"width":288,"height":216,"url":"https:\/\/surerxmed.com\/wp-content\/uploads\/2022\/02\/lorazepam-0.5mg.jpeg","type":"image\/jpeg"}],"twitter_card":"summary_large_image","twitter_misc":{"Tiempo de lectura":"2 minutos"},"schema":{"@context":"https:\/\/schema.org","@graph":[{"@type":"WebPage","@id":"https:\/\/surerxmed.com\/product\/lorazepam-ativan\/","url":"https:\/\/surerxmed.com\/product\/lorazepam-ativan\/","name":"lorazepam (Ativan) - Buy Prescription Medicine online| SureRX Pharmacy","isPartOf":{"@id":"https:\/\/surerxmed.com\/#website"},"primaryImageOfPage":{"@id":"https:\/\/surerxmed.com\/product\/lorazepam-ativan\/#primaryimage"},"image":{"@id":"https:\/\/surerxmed.com\/product\/lorazepam-ativan\/#primaryimage"},"thumbnailUrl":"https:\/\/surerxmed.com\/wp-content\/uploads\/2022\/02\/lorazepam-0.5mg.jpeg","datePublished":"2022-02-19T06:41:43+00:00","dateModified":"2025-03-09T22:32:54+00:00","breadcrumb":{"@id":"https:\/\/surerxmed.com\/product\/lorazepam-ativan\/#breadcrumb"},"inLanguage":"es","potentialAction":[{"@type":"ReadAction","target":["https:\/\/surerxmed.com\/product\/lorazepam-ativan\/"]}]},{"@type":"ImageObject","inLanguage":"es","@id":"https:\/\/surerxmed.com\/product\/lorazepam-ativan\/#primaryimage","url":"https:\/\/surerxmed.com\/wp-content\/uploads\/2022\/02\/lorazepam-0.5mg.jpeg","contentUrl":"https:\/\/surerxmed.com\/wp-content\/uploads\/2022\/02\/lorazepam-0.5mg.jpeg","width":288,"height":216},{"@type":"BreadcrumbList","@id":"https:\/\/surerxmed.com\/product\/lorazepam-ativan\/#breadcrumb","itemListElement":[{"@type":"ListItem","position":1,"name":"Home","item":"https:\/\/surerxmed.com\/"},{"@type":"ListItem","position":2,"name":"Shop","item":"https:\/\/surerxmed.com\/shop\/"},{"@type":"ListItem","position":3,"name":"lorazepam (Ativan)"}]},{"@type":"WebSite","@id":"https:\/\/surerxmed.com\/#website","url":"https:\/\/surerxmed.com\/","name":"Buy Prescription Medicine online| SureRX Pharmacy","description":"100% Genuine prescription drugs","publisher":{"@id":"https:\/\/surerxmed.com\/#organization"},"potentialAction":[{"@type":"SearchAction","target":{"@type":"EntryPoint","urlTemplate":"https:\/\/surerxmed.com\/?s={search_term_string}"},"query-input":{"@type":"PropertyValueSpecification","valueRequired":true,"valueName":"search_term_string"}}],"inLanguage":"es"},{"@type":"Organization","@id":"https:\/\/surerxmed.com\/#organization","name":"Buy Prescription Medicine online| SureRX Pharmacy","url":"https:\/\/surerxmed.com\/","logo":{"@type":"ImageObject","inLanguage":"es","@id":"https:\/\/surerxmed.com\/#\/schema\/logo\/image\/","url":"https:\/\/surerxmed.com\/wp-content\/uploads\/2025\/03\/sure-rx-favicon-1.png","contentUrl":"https:\/\/surerxmed.com\/wp-content\/uploads\/2025\/03\/sure-rx-favicon-1.png","width":240,"height":257,"caption":"Buy Prescription Medicine online| SureRX Pharmacy"},"image":{"@id":"https:\/\/surerxmed.com\/#\/schema\/logo\/image\/"}}]}},"_links":{"self":[{"href":"https:\/\/surerxmed.com\/es\/wp-json\/wp\/v2\/product\/108","targetHints":{"allow":["GET"]}}],"collection":[{"href":"https:\/\/surerxmed.com\/es\/wp-json\/wp\/v2\/product"}],"about":[{"href":"https:\/\/surerxmed.com\/es\/wp-json\/wp\/v2\/types\/product"}],"replies":[{"embeddable":true,"href":"https:\/\/surerxmed.com\/es\/wp-json\/wp\/v2\/comments?post=108"}],"wp:featuredmedia":[{"embeddable":true,"href":"https:\/\/surerxmed.com\/es\/wp-json\/wp\/v2\/media\/1369"}],"wp:attachment":[{"href":"https:\/\/surerxmed.com\/es\/wp-json\/wp\/v2\/media?parent=108"}],"wp:term":[{"taxonomy":"product_brand","embeddable":true,"href":"https:\/\/surerxmed.com\/es\/wp-json\/wp\/v2\/product_brand?post=108"},{"taxonomy":"product_cat","embeddable":true,"href":"https:\/\/surerxmed.com\/es\/wp-json\/wp\/v2\/product_cat?post=108"},{"taxonomy":"product_tag","embeddable":true,"href":"https:\/\/surerxmed.com\/es\/wp-json\/wp\/v2\/product_tag?post=108"}],"curies":[{"name":"wp","href":"https:\/\/api.w.org\/{rel}","templated":true}]}}