{"id":136,"date":"2022-02-19T07:42:42","date_gmt":"2022-02-19T07:42:42","guid":{"rendered":"https:\/\/surerxmedspharmacy.com\/?post_type=product&#038;p=136"},"modified":"2026-03-31T20:46:05","modified_gmt":"2026-03-31T20:46:05","slug":"buy-desyrel-trazodone-online","status":"publish","type":"product","link":"https:\/\/surerxmed.com\/es\/producto\/buy-desyrel-trazodone-online\/","title":{"rendered":"Desyrel (trazodona)"},"content":{"rendered":"<p>Compre Desyrel (trazodona) en l\u00ednea de forma segura en SureRxMed. Desyrel, que contiene trazodona, es un medicamento com\u00fanmente recetado para tratar la depresi\u00f3n, la ansiedad y los trastornos del sue\u00f1o, como el insomnio. Act\u00faa afectando los niveles de serotonina en el cerebro, lo que ayuda a mejorar el estado de \u00e1nimo, reducir la ansiedad y favorecer un mejor descanso. Muchos pacientes eligen la trazodona porque proporciona un alivio eficaz tanto para afecciones de salud mental como para trastornos del sue\u00f1o. La trazodona se suele utilizar en dosis bajas para ayudar a las personas a conciliar el sue\u00f1o m\u00e1s r\u00e1pido y a dormir durante m\u00e1s tiempo, mejorando as\u00ed la calidad general del sue\u00f1o.<\/p>\n<p>En SureRxMed, ofrecemos trazodona Desyrel de alta calidad con entrega r\u00e1pida y discreta, garantizando privacidad y comodidad para todos nuestros clientes. Adem\u00e1s, nuestra plataforma segura le permite realizar su pedido con confianza, sabiendo que recibir\u00e1 un medicamento fiable de una fuente de confianza. La trazodona Desyrel se utiliza ampliamente en pacientes con depresi\u00f3n e insomnio, ya que trata ambas afecciones simult\u00e1neamente. Asimismo, muchas personas prefieren comprar trazodona Desyrel en l\u00ednea para evitar demoras y acceder a su medicamento r\u00e1pidamente. Si se toma seg\u00fan las indicaciones, puede mejorar significativamente el estado de \u00e1nimo, reducir el estr\u00e9s y optimizar los patrones de sue\u00f1o. Sin embargo, es importante seguir las instrucciones de dosificaci\u00f3n adecuadas y consultar a un profesional de la salud cuando sea necesario. Comprar trazodona Desyrel en l\u00ednea en SureRxMed garantiza calidad, discreci\u00f3n y un servicio fiable. Explore nuestra gama de antidepresivos y somn\u00edferos y haga su pedido hoy mismo para una entrega r\u00e1pida, segura y fiable.<\/p>\n<p>Explore nuestra &lt;a href=&quot;\/es\/&rdquo;\/categoria-producto\/insomnia\/&rdquo;\/&quot;&gt;insomnio&lt;\/a&gt; tratamientos y &lt;a href=&quot;\/es\/&rdquo;\/categoria-producto\/antidepressants\/&rdquo;\/&quot;&gt;antidepresivos&lt;\/a&gt;.<\/p>\n<p>Obtenga m&aacute;s informaci&oacute;n sobre la trazodona en &lt;a href=&quot;\/es\/&rdquo;https:\/\/www.webmd.com\/drugs\/2\/drug-11188\/trazodone-oral\/details&rdquo;\/&quot; target=&quot;&rdquo;_blank&rdquo;&quot;&gt;WebMD&lt;\/a&gt;.<\/p>\n<p>Adem\u00e1s, la trazodona goza de gran confianza por sus efectos calmantes y su capacidad para favorecer un mejor ciclo de sue\u00f1o. Muchos pacientes notan que les ayuda a conciliar el sue\u00f1o m\u00e1s r\u00e1pido y, con el tiempo, mejora su estado de \u00e1nimo. Esto la convierte en una opci\u00f3n fiable para quienes padecen insomnio y estr\u00e9s emocional.<\/p>","protected":false},"excerpt":{"rendered":"<p>Desyrel, el nombre de marca para <strong>trazodona<\/strong>, La trazodona es un antidepresivo perteneciente a la clase de antagonistas e inhibidores de la recaptaci\u00f3n de serotonina (SARI). Act\u00faa equilibrando los niveles de serotonina en el cerebro, un neurotransmisor que desempe\u00f1a un papel fundamental en la regulaci\u00f3n del estado de \u00e1nimo y el sue\u00f1o. Originalmente desarrollada como antidepresivo, la trazodona tambi\u00e9n ha ganado popularidad por su capacidad para tratar el insomnio y otros trastornos del sue\u00f1o.<\/p>","protected":false},"featured_media":1324,"comment_status":"open","ping_status":"closed","template":"","meta":{"_monsterinsights_skip_tracking":false,"_monsterinsights_sitenote_active":false,"_monsterinsights_sitenote_note":"","_monsterinsights_sitenote_category":0,"_joinchat":[]},"product_brand":[],"product_cat":[60],"product_tag":[],"class_list":{"0":"post-136","1":"product","2":"type-product","3":"status-publish","4":"has-post-thumbnail","6":"product_cat-buy-depression-medication-online","8":"first","9":"instock","10":"shipping-taxable","11":"purchasable","12":"product-type-variable"},"yoast_head":"<!-- This site is optimized with the Yoast SEO plugin v27.6 - https:\/\/yoast.com\/product\/yoast-seo-wordpress\/ -->\n<title>Buy Desyrel Trazodone Online | Sleep &amp; Depression Treatment<\/title>\n<meta name=\"description\" content=\"Buy Desyrel trazodone online for depression and insomnia relief. Fast shipping, secure checkout, and discreet delivery from SureRxMed.\" \/>\n<meta name=\"robots\" content=\"index, follow, max-snippet:-1, max-image-preview:large, max-video-preview:-1\" \/>\n<link rel=\"canonical\" href=\"https:\/\/surerxmed.com\/es\/producto\/buy-desyrel-trazodone-online\/\" \/>\n<meta property=\"og:locale\" content=\"es_ES\" \/>\n<meta property=\"og:type\" content=\"article\" \/>\n<meta property=\"og:title\" content=\"Buy Desyrel Trazodone Online | Sleep &amp; Depression Treatment\" \/>\n<meta property=\"og:description\" content=\"Buy Desyrel trazodone online for depression and insomnia relief. Fast shipping, secure checkout, and discreet delivery from SureRxMed.\" \/>\n<meta property=\"og:url\" content=\"https:\/\/surerxmed.com\/es\/producto\/buy-desyrel-trazodone-online\/\" \/>\n<meta property=\"og:site_name\" content=\"Buy Prescription Medicine online| SureRX Pharmacy\" \/>\n<meta property=\"article:modified_time\" content=\"2026-03-31T20:46:05+00:00\" \/>\n<meta property=\"og:image\" content=\"https:\/\/surerxmed.com\/wp-content\/uploads\/2022\/02\/tradozone-6.jpeg\" \/>\n\t<meta property=\"og:image:width\" content=\"288\" \/>\n\t<meta property=\"og:image:height\" content=\"216\" \/>\n\t<meta property=\"og:image:type\" content=\"image\/jpeg\" \/>\n<meta name=\"twitter:card\" content=\"summary_large_image\" \/>\n<meta name=\"twitter:label1\" content=\"Tiempo de lectura\" \/>\n\t<meta name=\"twitter:data1\" content=\"2 minutos\" \/>\n<script type=\"application\/ld+json\" class=\"yoast-schema-graph\">{\"@context\":\"https:\\\/\\\/schema.org\",\"@graph\":[{\"@type\":\"WebPage\",\"@id\":\"https:\\\/\\\/surerxmed.com\\\/product\\\/buy-desyrel-trazodone-online\\\/\",\"url\":\"https:\\\/\\\/surerxmed.com\\\/product\\\/buy-desyrel-trazodone-online\\\/\",\"name\":\"Buy Desyrel Trazodone Online | Sleep & Depression Treatment\",\"isPartOf\":{\"@id\":\"https:\\\/\\\/surerxmed.com\\\/#website\"},\"primaryImageOfPage\":{\"@id\":\"https:\\\/\\\/surerxmed.com\\\/product\\\/buy-desyrel-trazodone-online\\\/#primaryimage\"},\"image\":{\"@id\":\"https:\\\/\\\/surerxmed.com\\\/product\\\/buy-desyrel-trazodone-online\\\/#primaryimage\"},\"thumbnailUrl\":\"https:\\\/\\\/surerxmed.com\\\/wp-content\\\/uploads\\\/2022\\\/02\\\/tradozone-6.jpeg\",\"datePublished\":\"2022-02-19T07:42:42+00:00\",\"dateModified\":\"2026-03-31T20:46:05+00:00\",\"description\":\"Buy Desyrel trazodone online for depression and insomnia relief. Fast shipping, secure checkout, and discreet delivery from SureRxMed.\",\"breadcrumb\":{\"@id\":\"https:\\\/\\\/surerxmed.com\\\/product\\\/buy-desyrel-trazodone-online\\\/#breadcrumb\"},\"inLanguage\":\"es\",\"potentialAction\":[{\"@type\":\"ReadAction\",\"target\":[\"https:\\\/\\\/surerxmed.com\\\/product\\\/buy-desyrel-trazodone-online\\\/\"]}]},{\"@type\":\"ImageObject\",\"inLanguage\":\"es\",\"@id\":\"https:\\\/\\\/surerxmed.com\\\/product\\\/buy-desyrel-trazodone-online\\\/#primaryimage\",\"url\":\"https:\\\/\\\/surerxmed.com\\\/wp-content\\\/uploads\\\/2022\\\/02\\\/tradozone-6.jpeg\",\"contentUrl\":\"https:\\\/\\\/surerxmed.com\\\/wp-content\\\/uploads\\\/2022\\\/02\\\/tradozone-6.jpeg\",\"width\":288,\"height\":216,\"caption\":\"buy desyrel trazodone online tablets for depression and sleep disorders\"},{\"@type\":\"BreadcrumbList\",\"@id\":\"https:\\\/\\\/surerxmed.com\\\/product\\\/buy-desyrel-trazodone-online\\\/#breadcrumb\",\"itemListElement\":[{\"@type\":\"ListItem\",\"position\":1,\"name\":\"Home\",\"item\":\"https:\\\/\\\/surerxmed.com\\\/\"},{\"@type\":\"ListItem\",\"position\":2,\"name\":\"Shop\",\"item\":\"https:\\\/\\\/surerxmed.com\\\/shop\\\/\"},{\"@type\":\"ListItem\",\"position\":3,\"name\":\"Desyrel (trazodone)\"}]},{\"@type\":\"WebSite\",\"@id\":\"https:\\\/\\\/surerxmed.com\\\/#website\",\"url\":\"https:\\\/\\\/surerxmed.com\\\/\",\"name\":\"Buy Prescription Medicine online| SureRX Pharmacy\",\"description\":\"100% Genuine prescription drugs\",\"publisher\":{\"@id\":\"https:\\\/\\\/surerxmed.com\\\/#organization\"},\"potentialAction\":[{\"@type\":\"SearchAction\",\"target\":{\"@type\":\"EntryPoint\",\"urlTemplate\":\"https:\\\/\\\/surerxmed.com\\\/?s={search_term_string}\"},\"query-input\":{\"@type\":\"PropertyValueSpecification\",\"valueRequired\":true,\"valueName\":\"search_term_string\"}}],\"inLanguage\":\"es\"},{\"@type\":\"Organization\",\"@id\":\"https:\\\/\\\/surerxmed.com\\\/#organization\",\"name\":\"Buy Prescription Medicine online| SureRX Pharmacy\",\"url\":\"https:\\\/\\\/surerxmed.com\\\/\",\"logo\":{\"@type\":\"ImageObject\",\"inLanguage\":\"es\",\"@id\":\"https:\\\/\\\/surerxmed.com\\\/#\\\/schema\\\/logo\\\/image\\\/\",\"url\":\"https:\\\/\\\/surerxmed.com\\\/wp-content\\\/uploads\\\/2025\\\/03\\\/sure-rx-favicon-1.png\",\"contentUrl\":\"https:\\\/\\\/surerxmed.com\\\/wp-content\\\/uploads\\\/2025\\\/03\\\/sure-rx-favicon-1.png\",\"width\":240,\"height\":257,\"caption\":\"Buy Prescription Medicine online| SureRX Pharmacy\"},\"image\":{\"@id\":\"https:\\\/\\\/surerxmed.com\\\/#\\\/schema\\\/logo\\\/image\\\/\"}}]}<\/script>\n<!-- \/ Yoast SEO plugin. -->","yoast_head_json":{"title":"Buy Desyrel Trazodone Online | Sleep & Depression Treatment","description":"Buy Desyrel trazodone online for depression and insomnia relief. Fast shipping, secure checkout, and discreet delivery from SureRxMed.","robots":{"index":"index","follow":"follow","max-snippet":"max-snippet:-1","max-image-preview":"max-image-preview:large","max-video-preview":"max-video-preview:-1"},"canonical":"https:\/\/surerxmed.com\/es\/producto\/buy-desyrel-trazodone-online\/","og_locale":"es_ES","og_type":"article","og_title":"Buy Desyrel Trazodone Online | Sleep & Depression Treatment","og_description":"Buy Desyrel trazodone online for depression and insomnia relief. Fast shipping, secure checkout, and discreet delivery from SureRxMed.","og_url":"https:\/\/surerxmed.com\/es\/producto\/buy-desyrel-trazodone-online\/","og_site_name":"Buy Prescription Medicine online| SureRX Pharmacy","article_modified_time":"2026-03-31T20:46:05+00:00","og_image":[{"width":288,"height":216,"url":"https:\/\/surerxmed.com\/wp-content\/uploads\/2022\/02\/tradozone-6.jpeg","type":"image\/jpeg"}],"twitter_card":"summary_large_image","twitter_misc":{"Tiempo de lectura":"2 minutos"},"schema":{"@context":"https:\/\/schema.org","@graph":[{"@type":"WebPage","@id":"https:\/\/surerxmed.com\/product\/buy-desyrel-trazodone-online\/","url":"https:\/\/surerxmed.com\/product\/buy-desyrel-trazodone-online\/","name":"Buy Desyrel Trazodone Online | Sleep & Depression Treatment","isPartOf":{"@id":"https:\/\/surerxmed.com\/#website"},"primaryImageOfPage":{"@id":"https:\/\/surerxmed.com\/product\/buy-desyrel-trazodone-online\/#primaryimage"},"image":{"@id":"https:\/\/surerxmed.com\/product\/buy-desyrel-trazodone-online\/#primaryimage"},"thumbnailUrl":"https:\/\/surerxmed.com\/wp-content\/uploads\/2022\/02\/tradozone-6.jpeg","datePublished":"2022-02-19T07:42:42+00:00","dateModified":"2026-03-31T20:46:05+00:00","description":"Buy Desyrel trazodone online for depression and insomnia relief. Fast shipping, secure checkout, and discreet delivery from SureRxMed.","breadcrumb":{"@id":"https:\/\/surerxmed.com\/product\/buy-desyrel-trazodone-online\/#breadcrumb"},"inLanguage":"es","potentialAction":[{"@type":"ReadAction","target":["https:\/\/surerxmed.com\/product\/buy-desyrel-trazodone-online\/"]}]},{"@type":"ImageObject","inLanguage":"es","@id":"https:\/\/surerxmed.com\/product\/buy-desyrel-trazodone-online\/#primaryimage","url":"https:\/\/surerxmed.com\/wp-content\/uploads\/2022\/02\/tradozone-6.jpeg","contentUrl":"https:\/\/surerxmed.com\/wp-content\/uploads\/2022\/02\/tradozone-6.jpeg","width":288,"height":216,"caption":"buy desyrel trazodone online tablets for depression and sleep disorders"},{"@type":"BreadcrumbList","@id":"https:\/\/surerxmed.com\/product\/buy-desyrel-trazodone-online\/#breadcrumb","itemListElement":[{"@type":"ListItem","position":1,"name":"Home","item":"https:\/\/surerxmed.com\/"},{"@type":"ListItem","position":2,"name":"Shop","item":"https:\/\/surerxmed.com\/shop\/"},{"@type":"ListItem","position":3,"name":"Desyrel (trazodone)"}]},{"@type":"WebSite","@id":"https:\/\/surerxmed.com\/#website","url":"https:\/\/surerxmed.com\/","name":"Buy Prescription Medicine online| SureRX Pharmacy","description":"100% Genuine prescription drugs","publisher":{"@id":"https:\/\/surerxmed.com\/#organization"},"potentialAction":[{"@type":"SearchAction","target":{"@type":"EntryPoint","urlTemplate":"https:\/\/surerxmed.com\/?s={search_term_string}"},"query-input":{"@type":"PropertyValueSpecification","valueRequired":true,"valueName":"search_term_string"}}],"inLanguage":"es"},{"@type":"Organization","@id":"https:\/\/surerxmed.com\/#organization","name":"Buy Prescription Medicine online| SureRX Pharmacy","url":"https:\/\/surerxmed.com\/","logo":{"@type":"ImageObject","inLanguage":"es","@id":"https:\/\/surerxmed.com\/#\/schema\/logo\/image\/","url":"https:\/\/surerxmed.com\/wp-content\/uploads\/2025\/03\/sure-rx-favicon-1.png","contentUrl":"https:\/\/surerxmed.com\/wp-content\/uploads\/2025\/03\/sure-rx-favicon-1.png","width":240,"height":257,"caption":"Buy Prescription Medicine online| SureRX Pharmacy"},"image":{"@id":"https:\/\/surerxmed.com\/#\/schema\/logo\/image\/"}}]}},"_links":{"self":[{"href":"https:\/\/surerxmed.com\/es\/wp-json\/wp\/v2\/product\/136","targetHints":{"allow":["GET"]}}],"collection":[{"href":"https:\/\/surerxmed.com\/es\/wp-json\/wp\/v2\/product"}],"about":[{"href":"https:\/\/surerxmed.com\/es\/wp-json\/wp\/v2\/types\/product"}],"replies":[{"embeddable":true,"href":"https:\/\/surerxmed.com\/es\/wp-json\/wp\/v2\/comments?post=136"}],"wp:featuredmedia":[{"embeddable":true,"href":"https:\/\/surerxmed.com\/es\/wp-json\/wp\/v2\/media\/1324"}],"wp:attachment":[{"href":"https:\/\/surerxmed.com\/es\/wp-json\/wp\/v2\/media?parent=136"}],"wp:term":[{"taxonomy":"product_brand","embeddable":true,"href":"https:\/\/surerxmed.com\/es\/wp-json\/wp\/v2\/product_brand?post=136"},{"taxonomy":"product_cat","embeddable":true,"href":"https:\/\/surerxmed.com\/es\/wp-json\/wp\/v2\/product_cat?post=136"},{"taxonomy":"product_tag","embeddable":true,"href":"https:\/\/surerxmed.com\/es\/wp-json\/wp\/v2\/product_tag?post=136"}],"curies":[{"name":"wp","href":"https:\/\/api.w.org\/{rel}","templated":true}]}}